{"id":17,"date":"2025-03-27T10:57:06","date_gmt":"2025-03-27T10:57:06","guid":{"rendered":"https:\/\/www.gracklestudios.com\/superior\/?page_id=17"},"modified":"2025-05-20T23:42:53","modified_gmt":"2025-05-20T23:42:53","slug":"about-us","status":"publish","type":"page","link":"https:\/\/superiorautoplaza.com\/es\/about-us\/","title":{"rendered":"La Empresa"},"content":{"rendered":"<div data-elementor-type=\"wp-page\" data-elementor-id=\"17\" class=\"elementor elementor-17\" data-elementor-post-type=\"page\">\n\t\t\t\t<div class=\"elementor-element elementor-element-4fcb774f e-con-full e-flex e-con e-parent\" data-id=\"4fcb774f\" data-element_type=\"container\" data-settings=\"{&quot;background_background&quot;:&quot;classic&quot;}\">\n\t\t<div class=\"elementor-element elementor-element-35882048 e-con-full e-flex e-con e-child\" data-id=\"35882048\" data-element_type=\"container\" data-settings=\"{&quot;background_background&quot;:&quot;classic&quot;}\">\n\t\t\t\t<div class=\"elementor-element elementor-element-772006bc elementor-invisible elementor-widget elementor-widget-heading\" data-id=\"772006bc\" data-element_type=\"widget\" data-settings=\"{&quot;_animation&quot;:&quot;fadeInUp&quot;}\" data-widget_type=\"heading.default\">\n\t\t\t\t<div class=\"elementor-widget-container\">\n\t\t\t\t\t<h1 class=\"elementor-heading-title elementor-size-default\">La Empresa<\/h1>\t\t\t\t<\/div>\n\t\t\t\t<\/div>\n\t\t\t\t<div class=\"elementor-element elementor-element-1c32fef8 elementor-widget__width-initial elementor-icon-list--layout-inline elementor-align-center elementor-list-item-link-full_width elementor-invisible elementor-widget elementor-widget-icon-list\" data-id=\"1c32fef8\" data-element_type=\"widget\" data-settings=\"{&quot;_animation&quot;:&quot;fadeInUp&quot;}\" data-widget_type=\"icon-list.default\">\n\t\t\t\t<div class=\"elementor-widget-container\">\n\t\t\t\t\t\t\t<ul class=\"elementor-icon-list-items elementor-inline-items\">\n\t\t\t\t\t\t\t<li class=\"elementor-icon-list-item elementor-inline-item\">\n\t\t\t\t\t\t\t\t\t\t<span class=\"elementor-icon-list-text\">Inicio<\/span>\n\t\t\t\t\t\t\t\t\t<\/li>\n\t\t\t\t\t\t\t\t<li class=\"elementor-icon-list-item elementor-inline-item\">\n\t\t\t\t\t\t\t\t\t\t\t<span class=\"elementor-icon-list-icon\">\n\t\t\t\t\t\t\t<svg aria-hidden=\"true\" class=\"e-font-icon-svg e-fas-caret-right\" viewbox=\"0 0 192 512\" xmlns=\"http:\/\/www.w3.org\/2000\/svg\"><path d=\"M0 384.662V127.338c0-17.818 21.543-26.741 34.142-14.142l128.662 128.662c7.81 7.81 7.81 20.474 0 28.284L34.142 398.804C21.543 411.404 0 402.48 0 384.662z\"><\/path><\/svg>\t\t\t\t\t\t<\/span>\n\t\t\t\t\t\t\t\t\t\t<span class=\"elementor-icon-list-text\"><\/span>\n\t\t\t\t\t\t\t\t\t<\/li>\n\t\t\t\t\t\t\t\t<li class=\"elementor-icon-list-item elementor-inline-item\">\n\t\t\t\t\t\t\t\t\t\t<span class=\"elementor-icon-list-text\">La Empresa<\/span>\n\t\t\t\t\t\t\t\t\t<\/li>\n\t\t\t\t\t\t<\/ul>\n\t\t\t\t\t\t<\/div>\n\t\t\t\t<\/div>\n\t\t\t\t<div class=\"elementor-element elementor-element-cfe0a9 elementor-invisible elementor-widget elementor-widget-text-editor\" data-id=\"cfe0a9\" data-element_type=\"widget\" data-settings=\"{&quot;_animation&quot;:&quot;fadeInUp&quot;}\" data-widget_type=\"text-editor.default\">\n\t\t\t\t<div class=\"elementor-widget-container\">\n\t\t\t\t\t\t\t\t\t<p>Encuentra el auto perfecto para tu viaje con facilidad. Precios accesibles, reserva sin complicaciones y autos de primer nivel, listos cuando t\u00fa lo est\u00e9s.<\/p>\t\t\t\t\t\t\t\t<\/div>\n\t\t\t\t<\/div>\n\t\t\t\t<\/div>\n\t\t\t\t<\/div>\n\t\t<div class=\"elementor-element elementor-element-47940256 e-flex e-con-boxed e-con e-parent\" data-id=\"47940256\" data-element_type=\"container\">\n\t\t\t\t\t<div class=\"e-con-inner\">\n\t\t<div class=\"elementor-element elementor-element-561327c6 e-con-full e-flex e-con e-child\" data-id=\"561327c6\" data-element_type=\"container\">\n\t\t\t\t<div class=\"elementor-element elementor-element-681fa98d elementor-invisible elementor-widget elementor-widget-heading\" data-id=\"681fa98d\" data-element_type=\"widget\" data-settings=\"{&quot;_animation&quot;:&quot;fadeInUp&quot;}\" data-widget_type=\"heading.default\">\n\t\t\t\t<div class=\"elementor-widget-container\">\n\t\t\t\t\t<h2 class=\"elementor-heading-title elementor-size-default\">\u00bfPor qu\u00e9 comprar en Superior Auto Plaza?<\/h2>\t\t\t\t<\/div>\n\t\t\t\t<\/div>\n\t\t\t\t<div class=\"elementor-element elementor-element-7aadda60 elementor-invisible elementor-widget elementor-widget-text-editor\" data-id=\"7aadda60\" data-element_type=\"widget\" data-settings=\"{&quot;_animation&quot;:&quot;fadeInUp&quot;}\" data-widget_type=\"text-editor.default\">\n\t\t\t\t<div class=\"elementor-widget-container\">\n\t\t\t\t\t\t\t\t\t<p class=\"\" data-start=\"309\" data-end=\"612\">Bienvenido a <strong data-start=\"320\" data-end=\"343\">Superior Auto Plaza<\/strong>, tu destino de confianza para autos seminuevos. <strong data-start=\"384\" data-end=\"403\">de lujo<\/strong> en Tulsa, Oklahoma. Orgullosamente atendemos Tulsa, Broken Arrow, Sapulpa, Owasso, Claremore y m\u00e1s all\u00e1, y nos especializamos en ofrecer <strong data-start=\"529\" data-end=\"565\">elegancia, rendimiento y valor<\/strong> a cada cliente que cruza nuestras puertas.<\/p><p class=\"\" data-start=\"614\" data-end=\"871\">En Superior Auto Plaza, creemos que <strong data-start=\"654\" data-end=\"711\">\u00abD\u00f3nde compras importa tanto como qu\u00e9 compras\u00bb.<\/strong> Por eso nos enfocamos no solo en presentar una selecci\u00f3n \u00e9lite de veh\u00edculos de alta gama, sino en brindar una <strong data-start=\"814\" data-end=\"849\">experiencia excepcional al cliente<\/strong> de principio a fin.<\/p>\t\t\t\t\t\t\t\t<\/div>\n\t\t\t\t<\/div>\n\t\t<div class=\"elementor-element elementor-element-56d9cf89 e-con-full e-flex e-con e-child\" data-id=\"56d9cf89\" data-element_type=\"container\">\n\t\t\t\t<div class=\"elementor-element elementor-element-321169a5 elementor-view-stacked elementor-position-left elementor-widget__width-initial elementor-widget-tablet__width-inherit elementor-shape-circle elementor-mobile-position-top elementor-invisible elementor-widget elementor-widget-icon-box\" data-id=\"321169a5\" data-element_type=\"widget\" data-settings=\"{&quot;_animation&quot;:&quot;fadeInUp&quot;}\" data-widget_type=\"icon-box.default\">\n\t\t\t\t<div class=\"elementor-widget-container\">\n\t\t\t\t\t\t\t<div class=\"elementor-icon-box-wrapper\">\n\n\t\t\t\t\t\t<div class=\"elementor-icon-box-icon\">\n\t\t\t\t<span  class=\"elementor-icon\">\n\t\t\t\t<svg aria-hidden=\"true\" class=\"e-font-icon-svg e-fas-smile\" viewbox=\"0 0 496 512\" xmlns=\"http:\/\/www.w3.org\/2000\/svg\"><path d=\"M248 8C111 8 0 119 0 256s111 248 248 248 248-111 248-248S385 8 248 8zm80 168c17.7 0 32 14.3 32 32s-14.3 32-32 32-32-14.3-32-32 14.3-32 32-32zm-160 0c17.7 0 32 14.3 32 32s-14.3 32-32 32-32-14.3-32-32 14.3-32 32-32zm194.8 170.2C334.3 380.4 292.5 400 248 400s-86.3-19.6-114.8-53.8c-13.6-16.3 11-36.7 24.6-20.5 22.4 26.9 55.2 42.2 90.2 42.2s67.8-15.4 90.2-42.2c13.4-16.2 38.1 4.2 24.6 20.5z\"><\/path><\/svg>\t\t\t\t<\/span>\n\t\t\t<\/div>\n\t\t\t\n\t\t\t\t\t\t<div class=\"elementor-icon-box-content\">\n\n\t\t\t\t\t\t\t\t\t<h5 class=\"elementor-icon-box-title\">\n\t\t\t\t\t\t<span  >\n\t\t\t\t\t\t\tServicio enfocado en el cliente\t\t\t\t\t\t<\/span>\n\t\t\t\t\t<\/h5>\n\t\t\t\t\n\t\t\t\t\n\t\t\t<\/div>\n\t\t\t\n\t\t<\/div>\n\t\t\t\t\t\t<\/div>\n\t\t\t\t<\/div>\n\t\t\t\t<div class=\"elementor-element elementor-element-7c4a759b elementor-view-stacked elementor-position-left elementor-widget__width-initial elementor-widget-tablet__width-inherit elementor-shape-circle elementor-mobile-position-top elementor-invisible elementor-widget elementor-widget-icon-box\" data-id=\"7c4a759b\" data-element_type=\"widget\" data-settings=\"{&quot;_animation&quot;:&quot;fadeInUp&quot;,&quot;_animation_delay&quot;:250}\" data-widget_type=\"icon-box.default\">\n\t\t\t\t<div class=\"elementor-widget-container\">\n\t\t\t\t\t\t\t<div class=\"elementor-icon-box-wrapper\">\n\n\t\t\t\t\t\t<div class=\"elementor-icon-box-icon\">\n\t\t\t\t<span  class=\"elementor-icon\">\n\t\t\t\t<svg aria-hidden=\"true\" class=\"e-font-icon-svg e-fas-thumbs-up\" viewbox=\"0 0 512 512\" xmlns=\"http:\/\/www.w3.org\/2000\/svg\"><path d=\"M104 224H24c-13.255 0-24 10.745-24 24v240c0 13.255 10.745 24 24 24h80c13.255 0 24-10.745 24-24V248c0-13.255-10.745-24-24-24zM64 472c-13.255 0-24-10.745-24-24s10.745-24 24-24 24 10.745 24 24-10.745 24-24 24zM384 81.452c0 42.416-25.97 66.208-33.277 94.548h101.723c33.397 0 59.397 27.746 59.553 58.098.084 17.938-7.546 37.249-19.439 49.197l-.11.11c9.836 23.337 8.237 56.037-9.308 79.469 8.681 25.895-.069 57.704-16.382 74.757 4.298 17.598 2.244 32.575-6.148 44.632C440.202 511.587 389.616 512 346.839 512l-2.845-.001c-48.287-.017-87.806-17.598-119.56-31.725-15.957-7.099-36.821-15.887-52.651-16.178-6.54-.12-11.783-5.457-11.783-11.998v-213.77c0-3.2 1.282-6.271 3.558-8.521 39.614-39.144 56.648-80.587 89.117-113.111 14.804-14.832 20.188-37.236 25.393-58.902C282.515 39.293 291.817 0 312 0c24 0 72 8 72 81.452z\"><\/path><\/svg>\t\t\t\t<\/span>\n\t\t\t<\/div>\n\t\t\t\n\t\t\t\t\t\t<div class=\"elementor-icon-box-content\">\n\n\t\t\t\t\t\t\t\t\t<h5 class=\"elementor-icon-box-title\">\n\t\t\t\t\t\t<span  >\n\t\t\t\t\t\t\tReserva f\u00e1cil en l\u00ednea\t\t\t\t\t\t<\/span>\n\t\t\t\t\t<\/h5>\n\t\t\t\t\n\t\t\t\t\n\t\t\t<\/div>\n\t\t\t\n\t\t<\/div>\n\t\t\t\t\t\t<\/div>\n\t\t\t\t<\/div>\n\t\t\t\t<\/div>\n\t\t\t\t<\/div>\n\t\t<div class=\"elementor-element elementor-element-4d046c77 e-con-full e-flex e-con e-child\" data-id=\"4d046c77\" data-element_type=\"container\">\n\t\t\t\t<div class=\"elementor-element elementor-element-3dee4456 elementor-invisible elementor-widget elementor-widget-image\" data-id=\"3dee4456\" data-element_type=\"widget\" data-settings=\"{&quot;_animation&quot;:&quot;fadeInUp&quot;}\" data-widget_type=\"image.default\">\n\t\t\t\t<div class=\"elementor-widget-container\">\n\t\t\t\t\t\t\t\t\t\t\t\t\t\t\t<img fetchpriority=\"high\" decoding=\"async\" width=\"512\" height=\"512\" src=\"https:\/\/superiorautoplaza.com\/wp-content\/uploads\/2025\/03\/cropped-favicon.png\" class=\"attachment-full size-full wp-image-35\" alt=\"\" srcset=\"https:\/\/superiorautoplaza.com\/wp-content\/uploads\/2025\/03\/cropped-favicon.png 512w, https:\/\/superiorautoplaza.com\/wp-content\/uploads\/2025\/03\/cropped-favicon-300x300.png 300w, https:\/\/superiorautoplaza.com\/wp-content\/uploads\/2025\/03\/cropped-favicon-150x150.png 150w, https:\/\/superiorautoplaza.com\/wp-content\/uploads\/2025\/03\/cropped-favicon-270x270.png 270w, https:\/\/superiorautoplaza.com\/wp-content\/uploads\/2025\/03\/cropped-favicon-192x192.png 192w, https:\/\/superiorautoplaza.com\/wp-content\/uploads\/2025\/03\/cropped-favicon-180x180.png 180w, https:\/\/superiorautoplaza.com\/wp-content\/uploads\/2025\/03\/cropped-favicon-32x32.png 32w\" sizes=\"(max-width: 512px) 100vw, 512px\" \/>\t\t\t\t\t\t\t\t\t\t\t\t\t\t\t<\/div>\n\t\t\t\t<\/div>\n\t\t\t\t<\/div>\n\t\t\t\t\t<\/div>\n\t\t\t\t<\/div>\n\t\t<div class=\"elementor-element elementor-element-224a099e e-con-full e-flex e-con e-parent\" data-id=\"224a099e\" data-element_type=\"container\">\n\t\t\t\t<div class=\"elementor-element elementor-element-5a7456d7 elementor-invisible elementor-widget elementor-widget-heading\" data-id=\"5a7456d7\" data-element_type=\"widget\" data-settings=\"{&quot;_animation&quot;:&quot;fadeInUp&quot;}\" data-widget_type=\"heading.default\">\n\t\t\t\t<div class=\"elementor-widget-container\">\n\t\t\t\t\t<h2 class=\"elementor-heading-title elementor-size-default\">Un legado de excelencia<\/h2>\t\t\t\t<\/div>\n\t\t\t\t<\/div>\n\t\t\t\t<div class=\"elementor-element elementor-element-27d0d16c e-n-tabs-mobile elementor-invisible elementor-widget elementor-widget-n-tabs\" data-id=\"27d0d16c\" data-element_type=\"widget\" data-settings=\"{&quot;tabs_justify_horizontal&quot;:&quot;stretch&quot;,&quot;_animation&quot;:&quot;fadeInUp&quot;,&quot;tabs_justify_horizontal_mobile&quot;:&quot;stretch&quot;,&quot;horizontal_scroll&quot;:&quot;disable&quot;}\" data-widget_type=\"nested-tabs.default\">\n\t\t\t\t<div class=\"elementor-widget-container\">\n\t\t\t\t\t\t\t<div class=\"e-n-tabs\" data-widget-number=\"667996524\" aria-label=\"Tabs. Open items with Enter or Space, close with Escape and navigate using the Arrow keys.\">\n\t\t\t<div class=\"e-n-tabs-heading\" role=\"tablist\">\n\t\t\t\t\t<button id=\"e-n-tab-title-6679965241\" class=\"e-n-tab-title\" aria-selected=\"true\" data-tab-index=\"1\" role=\"tab\" tabindex=\"0\" aria-controls=\"e-n-tab-content-6679965241\" style=\"--n-tabs-title-order: 1;\">\n\t\t\t\t\t\t<span class=\"e-n-tab-title-text\">\n\t\t\t\t\u00bfQui\u00e9nes Somos?\t\t\t<\/span>\n\t\t<\/button>\n\t\t\t\t<button id=\"e-n-tab-title-6679965242\" class=\"e-n-tab-title\" aria-selected=\"false\" data-tab-index=\"2\" role=\"tab\" tabindex=\"-1\" aria-controls=\"e-n-tab-content-6679965242\" style=\"--n-tabs-title-order: 2;\">\n\t\t\t\t\t\t<span class=\"e-n-tab-title-text\">\n\t\t\t\t\u00bfPor qu\u00e9 Elegirnos?\t\t\t<\/span>\n\t\t<\/button>\n\t\t\t\t<button id=\"e-n-tab-title-6679965243\" class=\"e-n-tab-title\" aria-selected=\"false\" data-tab-index=\"3\" role=\"tab\" tabindex=\"-1\" aria-controls=\"e-n-tab-content-6679965243\" style=\"--n-tabs-title-order: 3;\">\n\t\t\t\t\t\t<span class=\"e-n-tab-title-text\">\n\t\t\t\t\u00bfQu\u00e9 hacemos?\t\t\t<\/span>\n\t\t<\/button>\n\t\t\t\t\t<\/div>\n\t\t\t<div class=\"e-n-tabs-content\">\n\t\t\t\t<div id=\"e-n-tab-content-6679965241\" role=\"tabpanel\" aria-labelledby=\"e-n-tab-title-6679965241\" data-tab-index=\"1\" style=\"--n-tabs-title-order: 1;\" class=\"e-active elementor-element elementor-element-1a92c531 e-con-full e-flex e-con e-child\" data-id=\"1a92c531\" data-element_type=\"container\">\n\t\t<div class=\"elementor-element elementor-element-26eb827f e-con-full e-flex e-con e-child\" data-id=\"26eb827f\" data-element_type=\"container\">\n\t\t\t\t<div class=\"elementor-element elementor-element-17a2e96b elementor-invisible elementor-widget elementor-widget-image\" data-id=\"17a2e96b\" data-element_type=\"widget\" data-settings=\"{&quot;_animation&quot;:&quot;fadeIn&quot;}\" data-widget_type=\"image.default\">\n\t\t\t\t<div class=\"elementor-widget-container\">\n\t\t\t\t\t\t\t\t\t\t\t\t\t\t\t<img decoding=\"async\" width=\"1620\" height=\"1080\" src=\"https:\/\/superiorautoplaza.com\/wp-content\/uploads\/2025\/03\/GMC-12.jpg\" class=\"attachment-full size-full wp-image-671\" alt=\"\" srcset=\"https:\/\/superiorautoplaza.com\/wp-content\/uploads\/2025\/03\/GMC-12.jpg 1620w, https:\/\/superiorautoplaza.com\/wp-content\/uploads\/2025\/03\/GMC-12-300x200.jpg 300w, https:\/\/superiorautoplaza.com\/wp-content\/uploads\/2025\/03\/GMC-12-1024x683.jpg 1024w, https:\/\/superiorautoplaza.com\/wp-content\/uploads\/2025\/03\/GMC-12-768x512.jpg 768w, https:\/\/superiorautoplaza.com\/wp-content\/uploads\/2025\/03\/GMC-12-1536x1024.jpg 1536w\" sizes=\"(max-width: 1620px) 100vw, 1620px\" \/>\t\t\t\t\t\t\t\t\t\t\t\t\t\t\t<\/div>\n\t\t\t\t<\/div>\n\t\t\t\t<\/div>\n\t\t<div class=\"elementor-element elementor-element-d73415c e-con-full e-flex e-con e-child\" data-id=\"d73415c\" data-element_type=\"container\">\n\t\t\t\t<div class=\"elementor-element elementor-element-614a3a2 elementor-invisible elementor-widget elementor-widget-text-editor\" data-id=\"614a3a2\" data-element_type=\"widget\" data-settings=\"{&quot;_animation&quot;:&quot;fadeIn&quot;}\" data-widget_type=\"text-editor.default\">\n\t\t\t\t<div class=\"elementor-widget-container\">\n\t\t\t\t\t\t\t\t\t<p class=\"\" data-start=\"905\" data-end=\"1202\">Aunque somos m\u00e1s nuevos que otros, hemos forjado nuestra reputaci\u00f3n en la confianza, la transparencia y un servicio de primer nivel. Cada veh\u00edculo de nuestro inventario se selecciona e inspecciona cuidadosamente para cumplir con nuestros altos est\u00e1ndares, ya sea un <strong data-start=\"1120\" data-end=\"1199\">Mercedes-Benz, BMW, Audi, Lexus, Cadillac u otra marca de lujo reconocida.<\/strong>.<\/p><p class=\"\" data-start=\"1204\" data-end=\"1350\">Sabemos que comprar un auto de lujo es una gran decisi\u00f3n, por eso estamos aqu\u00ed para guiarte a lo largo del proceso con <strong data-start=\"1302\" data-end=\"1349\">con honestidad, profesionalismo y cero presi\u00f3n.<\/strong>.<\/p>\t\t\t\t\t\t\t\t<\/div>\n\t\t\t\t<\/div>\n\t\t\t\t<\/div>\n\t\t\t\t<\/div>\n\t\t<div id=\"e-n-tab-content-6679965242\" role=\"tabpanel\" aria-labelledby=\"e-n-tab-title-6679965242\" data-tab-index=\"2\" style=\"--n-tabs-title-order: 2;\" class=\"elementor-element elementor-element-646ef8cf e-con-full e-flex e-con e-child\" data-id=\"646ef8cf\" data-element_type=\"container\">\n\t\t<div class=\"elementor-element elementor-element-53732183 e-con-full e-flex e-con e-child\" data-id=\"53732183\" data-element_type=\"container\">\n\t\t\t\t<div class=\"elementor-element elementor-element-4a7eae19 elementor-invisible elementor-widget elementor-widget-text-editor\" data-id=\"4a7eae19\" data-element_type=\"widget\" data-settings=\"{&quot;_animation&quot;:&quot;fadeIn&quot;}\" data-widget_type=\"text-editor.default\">\n\t\t\t\t<div class=\"elementor-widget-container\">\n\t\t\t\t\t\t\t\t\t<p>Nos especializamos en <strong data-start=\"336\" data-end=\"366\">veh\u00edculos seminuevos premium<\/strong> de las marcas m\u00e1s respetadas del mundo \u2014 incluidas BMW, Mercedes-Benz, Audi, Lexus, Cadillac y m\u00e1s. Cada auto se inspecciona cuidadosamente para garantizar calidad, rendimiento y estilo.<\/p>\t\t\t\t\t\t\t\t<\/div>\n\t\t\t\t<\/div>\n\t\t\t\t<\/div>\n\t\t<div class=\"elementor-element elementor-element-7acfb675 e-con-full e-flex e-con e-child\" data-id=\"7acfb675\" data-element_type=\"container\">\n\t\t\t\t<div class=\"elementor-element elementor-element-33941dee elementor-invisible elementor-widget elementor-widget-image\" data-id=\"33941dee\" data-element_type=\"widget\" data-settings=\"{&quot;_animation&quot;:&quot;fadeIn&quot;}\" data-widget_type=\"image.default\">\n\t\t\t\t<div class=\"elementor-widget-container\">\n\t\t\t\t\t\t\t\t\t\t\t\t\t\t\t<img decoding=\"async\" width=\"1620\" height=\"1080\" src=\"https:\/\/superiorautoplaza.com\/wp-content\/uploads\/2025\/03\/Cayenne-8.jpg\" class=\"attachment-full size-full wp-image-647\" alt=\"\" srcset=\"https:\/\/superiorautoplaza.com\/wp-content\/uploads\/2025\/03\/Cayenne-8.jpg 1620w, https:\/\/superiorautoplaza.com\/wp-content\/uploads\/2025\/03\/Cayenne-8-300x200.jpg 300w, https:\/\/superiorautoplaza.com\/wp-content\/uploads\/2025\/03\/Cayenne-8-1024x683.jpg 1024w, https:\/\/superiorautoplaza.com\/wp-content\/uploads\/2025\/03\/Cayenne-8-768x512.jpg 768w, https:\/\/superiorautoplaza.com\/wp-content\/uploads\/2025\/03\/Cayenne-8-1536x1024.jpg 1536w\" sizes=\"(max-width: 1620px) 100vw, 1620px\" \/>\t\t\t\t\t\t\t\t\t\t\t\t\t\t\t<\/div>\n\t\t\t\t<\/div>\n\t\t\t\t<\/div>\n\t\t\t\t<\/div>\n\t\t<div id=\"e-n-tab-content-6679965243\" role=\"tabpanel\" aria-labelledby=\"e-n-tab-title-6679965243\" data-tab-index=\"3\" style=\"--n-tabs-title-order: 3;\" class=\"elementor-element elementor-element-38775141 e-con-full e-flex e-con e-child\" data-id=\"38775141\" data-element_type=\"container\">\n\t\t<div class=\"elementor-element elementor-element-1d22df19 e-con-full e-flex e-con e-child\" data-id=\"1d22df19\" data-element_type=\"container\">\n\t\t\t\t<div class=\"elementor-element elementor-element-62c4daf6 elementor-invisible elementor-widget elementor-widget-image\" data-id=\"62c4daf6\" data-element_type=\"widget\" data-settings=\"{&quot;_animation&quot;:&quot;fadeIn&quot;}\" data-widget_type=\"image.default\">\n\t\t\t\t<div class=\"elementor-widget-container\">\n\t\t\t\t\t\t\t\t\t\t\t\t\t\t\t<img loading=\"lazy\" decoding=\"async\" width=\"1620\" height=\"1080\" src=\"https:\/\/superiorautoplaza.com\/wp-content\/uploads\/2025\/03\/Grand-Cherokee-11.jpg\" class=\"attachment-full size-full wp-image-703\" alt=\"\" srcset=\"https:\/\/superiorautoplaza.com\/wp-content\/uploads\/2025\/03\/Grand-Cherokee-11.jpg 1620w, https:\/\/superiorautoplaza.com\/wp-content\/uploads\/2025\/03\/Grand-Cherokee-11-300x200.jpg 300w, https:\/\/superiorautoplaza.com\/wp-content\/uploads\/2025\/03\/Grand-Cherokee-11-1024x683.jpg 1024w, https:\/\/superiorautoplaza.com\/wp-content\/uploads\/2025\/03\/Grand-Cherokee-11-768x512.jpg 768w, https:\/\/superiorautoplaza.com\/wp-content\/uploads\/2025\/03\/Grand-Cherokee-11-1536x1024.jpg 1536w\" sizes=\"(max-width: 1620px) 100vw, 1620px\" \/>\t\t\t\t\t\t\t\t\t\t\t\t\t\t\t<\/div>\n\t\t\t\t<\/div>\n\t\t\t\t<\/div>\n\t\t<div class=\"elementor-element elementor-element-5c7cae8c e-con-full e-flex e-con e-child\" data-id=\"5c7cae8c\" data-element_type=\"container\">\n\t\t\t\t<div class=\"elementor-element elementor-element-5e4c0c0f elementor-invisible elementor-widget elementor-widget-text-editor\" data-id=\"5e4c0c0f\" data-element_type=\"widget\" data-settings=\"{&quot;_animation&quot;:&quot;fadeIn&quot;}\" data-widget_type=\"text-editor.default\">\n\t\t\t\t<div class=\"elementor-widget-container\">\n\t\t\t\t\t\t\t\t\t<p>En <strong data-start=\"127\" data-end=\"150\">Superior Auto Plaza<\/strong>acercamos el mundo de la conducci\u00f3n <strong data-start=\"174\" data-end=\"192\">de lujo<\/strong> a tu alcance. Nuestra misi\u00f3n es conectar a conductores exigentes con veh\u00edculos seminuevos de alta calidad que reflejen tu gusto, estilo de vida y est\u00e1ndares.<\/p>\t\t\t\t\t\t\t\t<\/div>\n\t\t\t\t<\/div>\n\t\t\t\t<\/div>\n\t\t\t\t<\/div>\n\t\t\t\t\t<\/div>\n\t\t<\/div>\n\t\t\t\t\t\t<\/div>\n\t\t\t\t<\/div>\n\t\t\t\t<\/div>\n\t\t<div class=\"elementor-element elementor-element-dabb0d7 e-con-full e-flex e-con e-parent\" data-id=\"dabb0d7\" data-element_type=\"container\">\n\t\t\t\t<div class=\"elementor-element elementor-element-7c8549a elementor-widget elementor-widget-google_maps\" data-id=\"7c8549a\" data-element_type=\"widget\" data-widget_type=\"google_maps.default\">\n\t\t\t\t<div class=\"elementor-widget-container\">\n\t\t\t\t\t\t\t<div class=\"elementor-custom-embed\">\n\t\t\t<iframe loading=\"lazy\"\n\t\t\t\t\tsrc=\"https:\/\/maps.google.com\/maps?q=superior%20auto%20plaza&#038;t=m&#038;z=17&#038;output=embed&#038;iwloc=near\"\n\t\t\t\t\ttitle=\"superior auto plaza\"\n\t\t\t\t\taria-label=\"superior auto plaza\"\n\t\t\t><\/iframe>\n\t\t<\/div>\n\t\t\t\t\t\t<\/div>\n\t\t\t\t<\/div>\n\t\t\t\t<\/div>\n\t\t\t\t<\/div>","protected":false},"excerpt":{"rendered":"<p>About Us Home About Find the perfect ride for your journey with ease. Affordable rates, hassle-free booking, and top-quality cars\u2014ready when you are. Why Buy from Superior Auto Plaza Welcome to Superior Auto Plaza, your trusted destination for pre-owned luxury vehicles in Tulsa, Oklahoma. Proudly serving Tulsa, Broken Arrow, Sapulpa, Owasso, Claremore, and beyond, we [&hellip;]<\/p>","protected":false},"author":1,"featured_media":0,"parent":0,"menu_order":2,"comment_status":"closed","ping_status":"closed","template":"","meta":{"_acf_changed":false,"_jet_sm_ready_style":"","_jet_sm_style":"","_jet_sm_controls_values":"","_jet_sm_fonts_collection":"","_jet_sm_fonts_links":"","footnotes":""},"class_list":["post-17","page","type-page","status-publish","hentry"],"acf":[],"_links":{"self":[{"href":"https:\/\/superiorautoplaza.com\/es\/wp-json\/wp\/v2\/pages\/17","targetHints":{"allow":["GET"]}}],"collection":[{"href":"https:\/\/superiorautoplaza.com\/es\/wp-json\/wp\/v2\/pages"}],"about":[{"href":"https:\/\/superiorautoplaza.com\/es\/wp-json\/wp\/v2\/types\/page"}],"author":[{"embeddable":true,"href":"https:\/\/superiorautoplaza.com\/es\/wp-json\/wp\/v2\/users\/1"}],"replies":[{"embeddable":true,"href":"https:\/\/superiorautoplaza.com\/es\/wp-json\/wp\/v2\/comments?post=17"}],"version-history":[{"count":0,"href":"https:\/\/superiorautoplaza.com\/es\/wp-json\/wp\/v2\/pages\/17\/revisions"}],"wp:attachment":[{"href":"https:\/\/superiorautoplaza.com\/es\/wp-json\/wp\/v2\/media?parent=17"}],"curies":[{"name":"wp","href":"https:\/\/api.w.org\/{rel}","templated":true}]}}